{"id":2,"date":"2015-09-09T14:45:02","date_gmt":"2015-09-09T13:45:02","guid":{"rendered":"http:\/\/molenbeek2024.ecolo.me\/?page_id=2"},"modified":"2025-11-30T13:06:46","modified_gmt":"2025-11-30T12:06:46","slug":"mandataires","status":"publish","type":"page","link":"https:\/\/molenbeek.ecolo.be\/nl\/mandataires\/","title":{"rendered":"Mandataires | Mandatarissen"},"content":{"rendered":"<p>[et_pb_section fb_built=&#8221;1&#8243; _builder_version=&#8221;4.16&#8243; global_colors_info=&#8221;{}&#8221;][et_pb_row column_structure=&#8221;1_4,1_4,1_2&#8243; _builder_version=&#8221;4.16&#8243; background_size=&#8221;initial&#8221; background_position=&#8221;top_left&#8221; background_repeat=&#8221;repeat&#8221; global_colors_info=&#8221;{}&#8221;][et_pb_column type=&#8221;1_4&#8243; _builder_version=&#8221;4.16&#8243; custom_padding=&#8221;|||&#8221; global_colors_info=&#8221;{}&#8221; custom_padding__hover=&#8221;|||&#8221;][et_pb_blurb title=&#8221;Anne Rabatti&#8221; image=&#8221;https:\/\/molenbeek.ecolo.be\/wp-content\/uploads\/sites\/431\/2024\/06\/IMG-20240527-WA0007.jpg&#8221; alt=&#8221;Anne Rabatti&#8221; admin_label=&#8221;Anne&#8221; _builder_version=&#8221;4.24.2&#8243; background_color=&#8221;RGBA(255,255,255,0)&#8221; global_colors_info=&#8221;{}&#8221;]<\/p>\n<dl class=\"gallery-item\">\n<dt class=\"gallery-icon landscape\"><span style=\"font-weight: normal;font-family: inherit\"><em>Conseill\u00e8re CPAS<\/em><\/span><\/p>\n<p align=\"justify\">\n<\/dt>\n<\/dl>\n<p>[\/et_pb_blurb][\/et_pb_column][et_pb_column type=&#8221;1_4&#8243; _builder_version=&#8221;4.16&#8243; custom_padding=&#8221;|||&#8221; global_colors_info=&#8221;{}&#8221; custom_padding__hover=&#8221;|||&#8221;][et_pb_blurb title=&#8221;Pascale Barret&#8221; image=&#8221;https:\/\/molenbeek.ecolo.be\/wp-content\/uploads\/sites\/431\/2024\/06\/IMG-20240527-WA0008.jpg&#8221; alt=&#8221;Pascale Barret&#8221; admin_label=&#8221;Pascale&#8221; _builder_version=&#8221;4.27.4&#8243; background_color=&#8221;RGBA(255,255,255,0)&#8221; hover_enabled=&#8221;0&#8243; global_colors_info=&#8221;{}&#8221; sticky_enabled=&#8221;0&#8243;]<\/p>\n<dl class=\"gallery-item\"><\/dl>\n<dl class=\"gallery-item\">\n<dt class=\"gallery-icon landscape\">\n<h5 align=\"justify\"><span style=\"font-weight: normal;font-family: inherit\"><em>Conseill\u00e8re communale, cheffe de groupe EcoloGroen<\/em><\/span><\/h5>\n<h5 align=\"justify\"><span style=\"font-weight: normal;font-family: inherit\"><em>Gemeenteraadslid<\/em><\/span><\/h5>\n<h5 align=\"justify\">&#x50;&#x61;&#x73;&#x63;&#x61;&#x6c;&#x65;&#98;&#97;&#114;&#114;&#101;t&#64;ho&#x74;&#x6d;&#x61;&#x69;&#x6c;&#x2e;&#x63;&#x6f;&#109;<\/h5>\n<\/dt>\n<\/dl>\n<p>[\/et_pb_blurb][\/et_pb_column][et_pb_column type=&#8221;1_2&#8243; _builder_version=&#8221;4.16&#8243; custom_padding=&#8221;|||&#8221; global_colors_info=&#8221;{}&#8221; custom_padding__hover=&#8221;|||&#8221;][\/et_pb_column][\/et_pb_row][\/et_pb_section]<\/p>\n","protected":false},"excerpt":{"rendered":"<p>Anne Rabatti Conseill\u00e8re CPAS Pascale Barret&#8230;<\/p>\n","protected":false},"author":1,"featured_media":0,"parent":0,"menu_order":0,"comment_status":"open","ping_status":"closed","template":"","meta":{"_acf_changed":false,"_et_pb_use_builder":"on","_et_pb_old_content":"<h3>ECHEVINS<\/h3><dl class=\"gallery-item\"><dt class=\"gallery-icon landscape\"><h5 align=\"justify\"><b>KARIM MAJOROS\u00a0<img class=\"wp-image-87 alignnone\" src=\"http:\/\/molenbeek2024.ecolo.me\/wp-content\/uploads\/sites\/431\/2015\/09\/short_ecolo.png\" alt=\"short_ecolo\" width=\"42\" height=\"12\" \/> \u00a0<\/b><\/h5><h5 align=\"justify\">\u00a0<\/h5><p align=\"justify\"><img class=\"attachment-thumbnail size-thumbnail\" src=\"http:\/\/bruxelles.regionale.ecolo.be\/wp-content\/uploads\/sites\/2\/2015\/07\/Molenbeek-karim-150x150.jpg\" alt=\"Karim Majoros, \u00e9chevin\" width=\"150\" height=\"150\" \/><\/p><p align=\"justify\">\u00c9chevin du logement et des propri\u00e9t\u00e9s communales<\/p><p lang=\"fr-FR\" align=\"justify\"><span lang=\"fr-BE\"><u>Coordonn\u00e9es\u00a0<\/u><\/span><span lang=\"fr-BE\">: 02\/412.37.20\u00a0-\u00a0<a href=\"mailto:kmajoros@molenbeek.irisnet.be\">kmajoros@molenbeek.irisnet.be<\/a><\/span><\/p><h5 align=\"justify\"><b>SARAH TURINE\u00a0<a href=\"http:\/\/molenbeek2024.ecolo.me\/wp-content\/uploads\/sites\/431\/2015\/09\/short_ecolo.png\" rel=\"attachment wp-att-87\"><img class=\"alignnone wp-image-87\" src=\"http:\/\/molenbeek2024.ecolo.me\/wp-content\/uploads\/sites\/431\/2015\/09\/short_ecolo.png\" alt=\"short_ecolo\" width=\"42\" height=\"12\" \/><\/a><\/b><\/h5><p align=\"justify\"><img class=\"attachment-thumbnail size-thumbnail\" src=\"http:\/\/bruxelles.regionale.ecolo.be\/wp-content\/uploads\/sites\/2\/2015\/07\/Molenbeek-sarah-150x150.jpg\" alt=\"Sarah Turine, \u00e9chevine\" width=\"150\" height=\"150\" \/><\/p><p align=\"justify\">\u00c9chevine de la jeunesse, de la coh\u00e9sion et pr\u00e9vention sociales et du dialogue interculturel<\/p><p lang=\"fr-FR\" align=\"justify\"><span lang=\"zxx\"><u><span lang=\"fr-BE\">Coordonn\u00e9es\u00a0<\/span><\/u><\/span><span lang=\"zxx\"><u><span lang=\"fr-BE\">:\u00a0<\/span><\/u><\/span><span lang=\"zxx\"><span lang=\"fr-BE\">02\/600.49.47<\/span><\/span><span lang=\"fr-BE\">\u00a0-\u00a0<\/span><u><\/u><span lang=\"zxx\"><u><span lang=\"fr-BE\"><a class=\"western\" href=\"mailto:sturine@molenbeek.irisnet.be\">sturine@molenbeek.irisnet.be<\/a><\/span><\/u><\/span><\/p><h5 class=\"western\">\u00a0<\/h5><h3>CONSEILL\u00c8RE COMMUNALE<\/h3><div id=\"gallery-2\" class=\"gallery galleryid-1950 gallery-columns-3 gallery-size-thumbnail\"><dl class=\"gallery-item\"><dt class=\"gallery-icon portrait\"><a href=\"http:\/\/bruxelles.regionale.ecolo.be\/molenbeek-saint-jean\/molenbeek-khadija\/\"><img class=\"attachment-thumbnail size-thumbnail\" src=\"http:\/\/bruxelles.regionale.ecolo.be\/wp-content\/uploads\/sites\/2\/2015\/07\/Molenbeek-khadija-150x150.jpg\" alt=\"Khadija Tamditi, conseill\u00e8re communale\" width=\"150\" height=\"150\" \/><\/a><\/dt><dd id=\"gallery-2-1955\" class=\"wp-caption-text gallery-caption\">Khadija Tamditi <img class=\"wp-image-87 alignnone\" src=\"http:\/\/molenbeek2024.ecolo.me\/wp-content\/uploads\/sites\/431\/2015\/09\/short_ecolo.png\" alt=\"short_ecolo\" width=\"42\" height=\"12\" \/><\/dd><\/dl><\/div><h3>CONSEILL\u00c8RE CPAS<\/h3><div id=\"gallery-3\" class=\"gallery galleryid-1950 gallery-columns-3 gallery-size-thumbnail\"><dl class=\"gallery-item\"><dt class=\"gallery-icon portrait\"><a href=\"http:\/\/bruxelles.regionale.ecolo.be\/molenbeek-saint-jean\/molenbeek-fr%c2%82d%c2%82rique\/\"><img class=\"attachment-thumbnail size-thumbnail\" src=\"http:\/\/bruxelles.regionale.ecolo.be\/wp-content\/uploads\/sites\/2\/2015\/07\/Molenbeek.Fr%C2%82d%C2%82rique-150x150.jpg\" alt=\"Fr\u00e9d\u00e9rique Mainjot, conseill\u00e8re CPAS\" width=\"150\" height=\"150\" \/><\/a><\/dt><dd id=\"gallery-3-1956\" class=\"wp-caption-text gallery-caption\">Fr\u00e9d\u00e9rique Mainjot <img class=\"wp-image-87 alignnone\" src=\"http:\/\/molenbeek2024.ecolo.me\/wp-content\/uploads\/sites\/431\/2015\/09\/short_ecolo.png\" alt=\"short_ecolo\" width=\"42\" height=\"12\" \/><\/dd><\/dl><\/div><p><a href=\"http:\/\/www.molenbeek.irisnet.be\/fr\/vie-politique\/declaration-de-politique-generale\" target=\"_blank\" rel=\"noopener\">Lien vers la note d'orientation politique 2012-2015<\/a><\/p><\/dt><\/dl>","_et_gb_content_width":"","inline_featured_image":false,"footnotes":""},"class_list":["post-2","page","type-page","status-publish","hentry"],"acf":[],"_links":{"self":[{"href":"https:\/\/molenbeek.ecolo.be\/nl\/wp-json\/wp\/v2\/pages\/2","targetHints":{"allow":["GET"]}}],"collection":[{"href":"https:\/\/molenbeek.ecolo.be\/nl\/wp-json\/wp\/v2\/pages"}],"about":[{"href":"https:\/\/molenbeek.ecolo.be\/nl\/wp-json\/wp\/v2\/types\/page"}],"author":[{"embeddable":true,"href":"https:\/\/molenbeek.ecolo.be\/nl\/wp-json\/wp\/v2\/users\/1"}],"replies":[{"embeddable":true,"href":"https:\/\/molenbeek.ecolo.be\/nl\/wp-json\/wp\/v2\/comments?post=2"}],"version-history":[{"count":22,"href":"https:\/\/molenbeek.ecolo.be\/nl\/wp-json\/wp\/v2\/pages\/2\/revisions"}],"predecessor-version":[{"id":1306,"href":"https:\/\/molenbeek.ecolo.be\/nl\/wp-json\/wp\/v2\/pages\/2\/revisions\/1306"}],"wp:attachment":[{"href":"https:\/\/molenbeek.ecolo.be\/nl\/wp-json\/wp\/v2\/media?parent=2"}],"curies":[{"name":"wp","href":"https:\/\/api.w.org\/{rel}","templated":true}]}}